{"id":25123,"date":"2025-06-17T08:19:00","date_gmt":"2025-06-17T08:19:00","guid":{"rendered":"https:\/\/montepegolife.codematic.xyz\/gastrobar-la-cova\/"},"modified":"2025-07-04T08:59:54","modified_gmt":"2025-07-04T08:59:54","slug":"gastrobar-la-cova","status":"publish","type":"page","link":"https:\/\/montepegolife.com\/de\/gastrobar-la-cova\/","title":{"rendered":"GastroBar La Cova"},"content":{"rendered":"\t\t<div data-elementor-type=\"wp-page\" data-elementor-id=\"25123\" class=\"elementor elementor-25123 elementor-24557\" data-elementor-post-type=\"page\">\n\t\t\t\t<div class=\"elementor-element elementor-element-dd2765d elementor-hidden-tablet elementor-hidden-mobile e-flex e-con-boxed e-con e-parent\" data-id=\"dd2765d\" data-element_type=\"container\" data-settings=\"{&quot;background_background&quot;:&quot;classic&quot;}\">\n\t\t\t\t\t<div class=\"e-con-inner\">\n\t\t<div class=\"elementor-element elementor-element-73c733a e-con-full e-flex e-con e-child\" data-id=\"73c733a\" data-element_type=\"container\">\n\t\t\t\t<div class=\"elementor-element elementor-element-23a9f25 elementor-widget elementor-widget-heading\" data-id=\"23a9f25\" data-element_type=\"widget\" data-widget_type=\"heading.default\">\n\t\t\t\t<div class=\"elementor-widget-container\">\n\t\t\t\t\t<h1 class=\"elementor-heading-title elementor-size-default\">GastroBar La Cova<\/h1>\t\t\t\t<\/div>\n\t\t\t\t<\/div>\n\t\t\t\t<div class=\"elementor-element elementor-element-2851020 elementor-hidden-desktop elementor-hidden-tablet elementor-hidden-mobile elementor-widget elementor-widget-text-editor\" data-id=\"2851020\" data-element_type=\"widget\" data-widget_type=\"text-editor.default\">\n\t\t\t\t<div class=\"elementor-widget-container\">\n\t\t\t\t\t\t\t\t\t<p>Ein Paradies an der Costa Blanca, Alicante.<\/p>\t\t\t\t\t\t\t\t<\/div>\n\t\t\t\t<\/div>\n\t\t\t\t<\/div>\n\t\t<div class=\"elementor-element elementor-element-8dd63a4 e-con-full e-flex e-con e-child\" data-id=\"8dd63a4\" data-element_type=\"container\">\n\t\t\t\t<\/div>\n\t\t\t\t\t<\/div>\n\t\t\t\t<\/div>\n\t\t<div class=\"elementor-element elementor-element-f4a3fb0 elementor-hidden-desktop e-flex e-con-boxed e-con e-parent\" data-id=\"f4a3fb0\" data-element_type=\"container\" data-settings=\"{&quot;background_background&quot;:&quot;classic&quot;}\">\n\t\t\t\t\t<div class=\"e-con-inner\">\n\t\t<div class=\"elementor-element elementor-element-8e95c24 e-con-full e-flex e-con e-child\" data-id=\"8e95c24\" data-element_type=\"container\">\n\t\t\t\t<div class=\"elementor-element elementor-element-ba415f8 elementor-widget elementor-widget-heading\" data-id=\"ba415f8\" data-element_type=\"widget\" data-widget_type=\"heading.default\">\n\t\t\t\t<div class=\"elementor-widget-container\">\n\t\t\t\t\t<h2 class=\"elementor-heading-title elementor-size-default\">GastroBar La Cova<\/h2>\t\t\t\t<\/div>\n\t\t\t\t<\/div>\n\t\t\t\t<div class=\"elementor-element elementor-element-83043d6 elementor-hidden-desktop elementor-hidden-tablet elementor-hidden-mobile elementor-widget elementor-widget-text-editor\" data-id=\"83043d6\" data-element_type=\"widget\" data-widget_type=\"text-editor.default\">\n\t\t\t\t<div class=\"elementor-widget-container\">\n\t\t\t\t\t\t\t\t\t<p>Ein Paradies an der Costa Blanca, Alicante.<\/p>\t\t\t\t\t\t\t\t<\/div>\n\t\t\t\t<\/div>\n\t\t\t\t<\/div>\n\t\t<div class=\"elementor-element elementor-element-f445439 e-con-full e-flex e-con e-child\" data-id=\"f445439\" data-element_type=\"container\">\n\t\t\t\t<\/div>\n\t\t\t\t\t<\/div>\n\t\t\t\t<\/div>\n\t\t<div class=\"elementor-element elementor-element-fdd7620 e-flex e-con-boxed e-con e-parent\" data-id=\"fdd7620\" data-element_type=\"container\">\n\t\t\t\t\t<div class=\"e-con-inner\">\n\t\t<div class=\"elementor-element elementor-element-774711f e-con-full e-flex e-con e-child\" data-id=\"774711f\" data-element_type=\"container\">\n\t\t<div class=\"elementor-element elementor-element-3ce4152 e-con-full e-flex e-con e-child\" data-id=\"3ce4152\" data-element_type=\"container\">\n\t\t<div class=\"elementor-element elementor-element-e077c71 e-con-full e-flex e-con e-child\" data-id=\"e077c71\" data-element_type=\"container\">\n\t\t\t\t<div class=\"elementor-element elementor-element-ff30155 elementor-widget elementor-widget-image\" data-id=\"ff30155\" data-element_type=\"widget\" data-widget_type=\"image.default\">\n\t\t\t\t<div class=\"elementor-widget-container\">\n\t\t\t\t\t\t\t\t\t\t\t\t\t\t\t<img fetchpriority=\"high\" decoding=\"async\" width=\"800\" height=\"798\" src=\"https:\/\/montepegolife.com\/wp-content\/uploads\/2025\/06\/4-1-1-1024x1021.webp\" class=\"elementor-animation-grow attachment-large size-large wp-image-25125\" alt=\"\" srcset=\"https:\/\/montepegolife.com\/wp-content\/uploads\/2025\/06\/4-1-1-1024x1021.webp 1024w, https:\/\/montepegolife.com\/wp-content\/uploads\/2025\/06\/4-1-1-300x300.webp 300w, https:\/\/montepegolife.com\/wp-content\/uploads\/2025\/06\/4-1-1-150x150.webp 150w, https:\/\/montepegolife.com\/wp-content\/uploads\/2025\/06\/4-1-1-768x766.webp 768w, https:\/\/montepegolife.com\/wp-content\/uploads\/2025\/06\/4-1-1-1536x1531.webp 1536w, https:\/\/montepegolife.com\/wp-content\/uploads\/2025\/06\/4-1-1.webp 1920w\" sizes=\"(max-width: 800px) 100vw, 800px\" \/>\t\t\t\t\t\t\t\t\t\t\t\t\t\t\t<\/div>\n\t\t\t\t<\/div>\n\t\t\t\t<div class=\"elementor-element elementor-element-0b48a49 elementor-widget elementor-widget-image\" data-id=\"0b48a49\" data-element_type=\"widget\" data-widget_type=\"image.default\">\n\t\t\t\t<div class=\"elementor-widget-container\">\n\t\t\t\t\t\t\t\t\t\t\t\t\t\t\t<img decoding=\"async\" width=\"800\" height=\"534\" src=\"https:\/\/montepegolife.com\/wp-content\/uploads\/2025\/06\/1-1024x683.webp\" class=\"elementor-animation-grow attachment-large size-large wp-image-25128\" alt=\"\" srcset=\"https:\/\/montepegolife.com\/wp-content\/uploads\/2025\/06\/1-1024x683.webp 1024w, https:\/\/montepegolife.com\/wp-content\/uploads\/2025\/06\/1-300x200.webp 300w, https:\/\/montepegolife.com\/wp-content\/uploads\/2025\/06\/1-768x512.webp 768w, https:\/\/montepegolife.com\/wp-content\/uploads\/2025\/06\/1-1536x1024.webp 1536w, https:\/\/montepegolife.com\/wp-content\/uploads\/2025\/06\/1-2048x1365.webp 2048w\" sizes=\"(max-width: 800px) 100vw, 800px\" \/>\t\t\t\t\t\t\t\t\t\t\t\t\t\t\t<\/div>\n\t\t\t\t<\/div>\n\t\t\t\t<\/div>\n\t\t\t\t<\/div>\n\t\t\t\t<\/div>\n\t\t<div class=\"elementor-element elementor-element-1ee24d2 e-con-full e-flex e-con e-child\" data-id=\"1ee24d2\" data-element_type=\"container\">\n\t\t<div class=\"elementor-element elementor-element-ae23525 e-con-full e-flex e-con e-child\" data-id=\"ae23525\" data-element_type=\"container\">\n\t\t\t\t<div class=\"elementor-element elementor-element-8515095 elementor-widget elementor-widget-heading\" data-id=\"8515095\" data-element_type=\"widget\" data-widget_type=\"heading.default\">\n\t\t\t\t<div class=\"elementor-widget-container\">\n\t\t\t\t\t<h2 class=\"elementor-heading-title elementor-size-default\">Die GastroBar La Cova ist die Anlaufstelle f\u00fcr Bewohner, Eigent\u00fcmer und Besucher von Monte Pego.<\/h2>\t\t\t\t<\/div>\n\t\t\t\t<\/div>\n\t\t\t\t<div class=\"elementor-element elementor-element-7073df9 elementor-widget-divider--view-line elementor-widget elementor-widget-divider\" data-id=\"7073df9\" data-element_type=\"widget\" data-widget_type=\"divider.default\">\n\t\t\t\t<div class=\"elementor-widget-container\">\n\t\t\t\t\t\t\t<div class=\"elementor-divider\">\n\t\t\t<span class=\"elementor-divider-separator\">\n\t\t\t\t\t\t<\/span>\n\t\t<\/div>\n\t\t\t\t\t\t<\/div>\n\t\t\t\t<\/div>\n\t\t\t\t<div class=\"elementor-element elementor-element-fc2e2ff elementor-widget elementor-widget-text-editor\" data-id=\"fc2e2ff\" data-element_type=\"widget\" data-widget_type=\"text-editor.default\">\n\t\t\t\t<div class=\"elementor-widget-container\">\n\t\t\t\t\t\t\t\t\t<p dir=\"auto\" data-sourcepos=\"3:1-3:395\">La Cova ist die soziale Seele von Monte Pego, ein Ort, an dem sich guter Geschmack, gute Gesellschaft und eine gro\u00dfartige Atmosph\u00e4re jeden Tag treffen. Ob Sie nun ein k\u00fchles Bier trinken, ein Glas Wein im Rhythmus einer guten Unterhaltung genie\u00dfen oder hausgemachte Speisen oder Gourmet-Tapas teilen. <\/p><p dir=\"auto\" data-sourcepos=\"3:1-3:395\">Ein nat\u00fcrlicher Treffpunkt, an dem Freundschaften entstehen, Bindungen zwischen Nachbarn gest\u00e4rkt werden und ein einzigartiger Lebensstil gewebt wird, der Monte Pego zu einem besonderen Ort macht, an dem man das ganze Jahr \u00fcber leben oder einen wunderbaren Urlaub verbringen kann.<\/p><p dir=\"auto\" data-sourcepos=\"3:1-3:395\">La Cova ist nicht nur ein Ort der Freizeitgestaltung, sondern bietet den Einwohnern auch einen wichtigen Service: Es ist die Help Point 2-Paketabholstelle f\u00fcr Kunden, die den Premium-Service &#8222;All in One&#8220; abonniert haben.<\/p><p dir=\"auto\" data-sourcepos=\"3:1-3:395\">Kurz gesagt, die Gastrobar La Cova verk\u00f6rpert den echten Geist von Monte Pego.<br>Besuchen Sie uns und genie\u00dfen Sie.<\/p>\t\t\t\t\t\t\t\t<\/div>\n\t\t\t\t<\/div>\n\t\t\t\t<div class=\"elementor-element elementor-element-58a3d16 elementor-align-start elementor-icon-list--layout-traditional elementor-list-item-link-full_width elementor-widget elementor-widget-icon-list\" data-id=\"58a3d16\" data-element_type=\"widget\" data-widget_type=\"icon-list.default\">\n\t\t\t\t<div class=\"elementor-widget-container\">\n\t\t\t\t\t\t\t<ul class=\"elementor-icon-list-items\">\n\t\t\t\t\t\t\t<li class=\"elementor-icon-list-item\">\n\t\t\t\t\t\t\t\t\t\t\t<a href=\"https:\/\/www.instagram.com\/gastrobar.lacova.montepego\/\">\n\n\t\t\t\t\t\t\t\t\t\t\t\t<span class=\"elementor-icon-list-icon\">\n\t\t\t\t\t\t\t<svg aria-hidden=\"true\" class=\"e-font-icon-svg e-fab-instagram\" viewBox=\"0 0 448 512\" xmlns=\"http:\/\/www.w3.org\/2000\/svg\"><path d=\"M224.1 141c-63.6 0-114.9 51.3-114.9 114.9s51.3 114.9 114.9 114.9S339 319.5 339 255.9 287.7 141 224.1 141zm0 189.6c-41.1 0-74.7-33.5-74.7-74.7s33.5-74.7 74.7-74.7 74.7 33.5 74.7 74.7-33.6 74.7-74.7 74.7zm146.4-194.3c0 14.9-12 26.8-26.8 26.8-14.9 0-26.8-12-26.8-26.8s12-26.8 26.8-26.8 26.8 12 26.8 26.8zm76.1 27.2c-1.7-35.9-9.9-67.7-36.2-93.9-26.2-26.2-58-34.4-93.9-36.2-37-2.1-147.9-2.1-184.9 0-35.8 1.7-67.6 9.9-93.9 36.1s-34.4 58-36.2 93.9c-2.1 37-2.1 147.9 0 184.9 1.7 35.9 9.9 67.7 36.2 93.9s58 34.4 93.9 36.2c37 2.1 147.9 2.1 184.9 0 35.9-1.7 67.7-9.9 93.9-36.2 26.2-26.2 34.4-58 36.2-93.9 2.1-37 2.1-147.8 0-184.8zM398.8 388c-7.8 19.6-22.9 34.7-42.6 42.6-29.5 11.7-99.5 9-132.1 9s-102.7 2.6-132.1-9c-19.6-7.8-34.7-22.9-42.6-42.6-11.7-29.5-9-99.5-9-132.1s-2.6-102.7 9-132.1c7.8-19.6 22.9-34.7 42.6-42.6 29.5-11.7 99.5-9 132.1-9s102.7-2.6 132.1 9c19.6 7.8 34.7 22.9 42.6 42.6 11.7 29.5 9 99.5 9 132.1s2.7 102.7-9 132.1z\"><\/path><\/svg>\t\t\t\t\t\t<\/span>\n\t\t\t\t\t\t\t\t\t\t<span class=\"elementor-icon-list-text\">@gastrobar.lacova.montepego<\/span>\n\t\t\t\t\t\t\t\t\t\t\t<\/a>\n\t\t\t\t\t\t\t\t\t<\/li>\n\t\t\t\t\t\t\t\t<li class=\"elementor-icon-list-item\">\n\t\t\t\t\t\t\t\t\t\t\t<a href=\"https:\/\/g.co\/kgs\/UjZSCwJ\">\n\n\t\t\t\t\t\t\t\t\t\t\t\t<span class=\"elementor-icon-list-icon\">\n\t\t\t\t\t\t\t<svg aria-hidden=\"true\" class=\"e-font-icon-svg e-fas-map-marker-alt\" viewBox=\"0 0 384 512\" xmlns=\"http:\/\/www.w3.org\/2000\/svg\"><path d=\"M172.268 501.67C26.97 291.031 0 269.413 0 192 0 85.961 85.961 0 192 0s192 85.961 192 192c0 77.413-26.97 99.031-172.268 309.67-9.535 13.774-29.93 13.773-39.464 0zM192 272c44.183 0 80-35.817 80-80s-35.817-80-80-80-80 35.817-80 80 35.817 80 80 80z\"><\/path><\/svg>\t\t\t\t\t\t<\/span>\n\t\t\t\t\t\t\t\t\t\t<span class=\"elementor-icon-list-text\">Edificio Rosario, Urb. Monte, Av. Internacional, N\u00ba 1, 03780 Pego, Alicante  <\/span>\n\t\t\t\t\t\t\t\t\t\t\t<\/a>\n\t\t\t\t\t\t\t\t\t<\/li>\n\t\t\t\t\t\t<\/ul>\n\t\t\t\t\t\t<\/div>\n\t\t\t\t<\/div>\n\t\t\t\t<\/div>\n\t\t\t\t<\/div>\n\t\t\t\t\t<\/div>\n\t\t\t\t<\/div>\n\t\t<div class=\"elementor-element elementor-element-5d021e3 e-con-full e-flex e-con e-parent\" data-id=\"5d021e3\" data-element_type=\"container\">\n\t\t\t\t<div class=\"elementor-element elementor-element-02dfce1 elementor-widget elementor-widget-gallery\" data-id=\"02dfce1\" data-element_type=\"widget\" data-settings=\"{&quot;columns&quot;:3,&quot;lazyload&quot;:&quot;yes&quot;,&quot;gallery_layout&quot;:&quot;grid&quot;,&quot;columns_tablet&quot;:2,&quot;columns_mobile&quot;:1,&quot;gap&quot;:{&quot;unit&quot;:&quot;px&quot;,&quot;size&quot;:10,&quot;sizes&quot;:[]},&quot;gap_tablet&quot;:{&quot;unit&quot;:&quot;px&quot;,&quot;size&quot;:10,&quot;sizes&quot;:[]},&quot;gap_mobile&quot;:{&quot;unit&quot;:&quot;px&quot;,&quot;size&quot;:10,&quot;sizes&quot;:[]},&quot;link_to&quot;:&quot;file&quot;,&quot;aspect_ratio&quot;:&quot;3:2&quot;,&quot;overlay_background&quot;:&quot;yes&quot;,&quot;content_hover_animation&quot;:&quot;fade-in&quot;}\" data-widget_type=\"gallery.default\">\n\t\t\t\t<div class=\"elementor-widget-container\">\n\t\t\t\t\t\t\t<div class=\"elementor-gallery__container\">\n\t\t\t\t\t\t\t<a class=\"e-gallery-item elementor-gallery-item elementor-animated-content\" href=\"https:\/\/montepegolife.com\/wp-content\/uploads\/2025\/06\/2-1-1.webp\" data-elementor-open-lightbox=\"yes\" data-elementor-lightbox-slideshow=\"02dfce1\" data-e-action-hash=\"#elementor-action%3Aaction%3Dlightbox%26settings%3DeyJpZCI6MjQ1NjUsInVybCI6Imh0dHBzOlwvXC9tb250ZXBlZ29saWZlLmNvbVwvd3AtY29udGVudFwvdXBsb2Fkc1wvMjAyNVwvMDZcLzItMS0xLndlYnAiLCJzbGlkZXNob3ciOiIwMmRmY2UxIn0%3D\">\n\t\t\t\t\t<div class=\"e-gallery-image elementor-gallery-item__image\" data-thumbnail=\"https:\/\/montepegolife.com\/wp-content\/uploads\/2025\/06\/2-1-1.webp\" data-width=\"1920\" data-height=\"1280\" aria-label=\"\" role=\"img\" ><\/div>\n\t\t\t\t\t\t\t\t\t\t\t<div class=\"elementor-gallery-item__overlay\"><\/div>\n\t\t\t\t\t\t\t\t\t\t\t\t\t\t<\/a>\n\t\t\t\t\t\t\t<a class=\"e-gallery-item elementor-gallery-item elementor-animated-content\" href=\"https:\/\/montepegolife.com\/wp-content\/uploads\/2025\/06\/3-2.webp\" data-elementor-open-lightbox=\"yes\" data-elementor-lightbox-slideshow=\"02dfce1\" data-e-action-hash=\"#elementor-action%3Aaction%3Dlightbox%26settings%3DeyJpZCI6MjQ1NjMsInVybCI6Imh0dHBzOlwvXC9tb250ZXBlZ29saWZlLmNvbVwvd3AtY29udGVudFwvdXBsb2Fkc1wvMjAyNVwvMDZcLzMtMi53ZWJwIiwic2xpZGVzaG93IjoiMDJkZmNlMSJ9\">\n\t\t\t\t\t<div class=\"e-gallery-image elementor-gallery-item__image\" data-thumbnail=\"https:\/\/montepegolife.com\/wp-content\/uploads\/2025\/06\/3-2.webp\" data-width=\"1920\" data-height=\"1280\" aria-label=\"\" role=\"img\" ><\/div>\n\t\t\t\t\t\t\t\t\t\t\t<div class=\"elementor-gallery-item__overlay\"><\/div>\n\t\t\t\t\t\t\t\t\t\t\t\t\t\t<\/a>\n\t\t\t\t\t\t\t<a class=\"e-gallery-item elementor-gallery-item elementor-animated-content\" href=\"https:\/\/montepegolife.com\/wp-content\/uploads\/2025\/06\/5-1.webp\" data-elementor-open-lightbox=\"yes\" data-elementor-lightbox-slideshow=\"02dfce1\" data-e-action-hash=\"#elementor-action%3Aaction%3Dlightbox%26settings%3DeyJpZCI6MjQ1NTksInVybCI6Imh0dHBzOlwvXC9tb250ZXBlZ29saWZlLmNvbVwvd3AtY29udGVudFwvdXBsb2Fkc1wvMjAyNVwvMDZcLzUtMS53ZWJwIiwic2xpZGVzaG93IjoiMDJkZmNlMSJ9\">\n\t\t\t\t\t<div class=\"e-gallery-image elementor-gallery-item__image\" data-thumbnail=\"https:\/\/montepegolife.com\/wp-content\/uploads\/2025\/06\/5-1.webp\" data-width=\"1920\" data-height=\"1861\" aria-label=\"\" role=\"img\" ><\/div>\n\t\t\t\t\t\t\t\t\t\t\t<div class=\"elementor-gallery-item__overlay\"><\/div>\n\t\t\t\t\t\t\t\t\t\t\t\t\t\t<\/a>\n\t\t\t\t\t<\/div>\n\t\t\t\t\t<\/div>\n\t\t\t\t<\/div>\n\t\t\t\t<\/div>\n\t\t\t\t<\/div>\n\t\t","protected":false},"excerpt":{"rendered":"<p>GastroBar La Cova Ein Paradies an der Costa Blanca, Alicante. GastroBar La Cova Ein Paradies an der Costa Blanca, Alicante. Die GastroBar La Cova ist die Anlaufstelle f\u00fcr Bewohner, Eigent\u00fcmer und Besucher von Monte Pego. La Cova ist die soziale Seele von Monte Pego, ein Ort, an dem sich guter Geschmack, gute Gesellschaft und eine [&hellip;]<\/p>\n","protected":false},"author":1,"featured_media":0,"parent":0,"menu_order":0,"comment_status":"closed","ping_status":"closed","template":"","meta":{"_acf_changed":false,"_joinchat":[],"footnotes":""},"class_list":["post-25123","page","type-page","status-publish","hentry"],"acf":[],"yoast_head":"<!-- This site is optimized with the Yoast SEO plugin v26.7 - https:\/\/yoast.com\/wordpress\/plugins\/seo\/ -->\n<title>GastroBar La Cova - MontePego Life<\/title>\n<meta name=\"robots\" content=\"index, follow, max-snippet:-1, max-image-preview:large, max-video-preview:-1\" \/>\n<link rel=\"canonical\" href=\"https:\/\/montepegolife.com\/de\/gastrobar-la-cova\/\" \/>\n<meta property=\"og:locale\" content=\"de_DE\" \/>\n<meta property=\"og:type\" content=\"article\" \/>\n<meta property=\"og:title\" content=\"GastroBar La Cova - MontePego Life\" \/>\n<meta property=\"og:description\" content=\"GastroBar La Cova Ein Paradies an der Costa Blanca, Alicante. GastroBar La Cova Ein Paradies an der Costa Blanca, Alicante. Die GastroBar La Cova ist die Anlaufstelle f\u00fcr Bewohner, Eigent\u00fcmer und Besucher von Monte Pego. La Cova ist die soziale Seele von Monte Pego, ein Ort, an dem sich guter Geschmack, gute Gesellschaft und eine [&hellip;]\" \/>\n<meta property=\"og:url\" content=\"https:\/\/montepegolife.com\/de\/gastrobar-la-cova\/\" \/>\n<meta property=\"og:site_name\" content=\"MontePego Life\" \/>\n<meta property=\"article:publisher\" content=\"https:\/\/www.facebook.com\/montepego.info?mibextid=LQQJ4d&amp;rdid=CCBK85trp35FhlgW\" \/>\n<meta property=\"article:modified_time\" content=\"2025-07-04T08:59:54+00:00\" \/>\n<meta property=\"og:image\" content=\"https:\/\/montepegolife.com\/wp-content\/uploads\/2025\/06\/4-1-1.webp\" \/>\n\t<meta property=\"og:image:width\" content=\"1920\" \/>\n\t<meta property=\"og:image:height\" content=\"1914\" \/>\n\t<meta property=\"og:image:type\" content=\"image\/webp\" \/>\n<meta name=\"twitter:card\" content=\"summary_large_image\" \/>\n<meta name=\"twitter:label1\" content=\"Gesch\u00e4tzte Lesezeit\" \/>\n\t<meta name=\"twitter:data1\" content=\"1\u00a0Minute\" \/>\n<script type=\"application\/ld+json\" class=\"yoast-schema-graph\">{\"@context\":\"https:\/\/schema.org\",\"@graph\":[{\"@type\":\"WebPage\",\"@id\":\"https:\/\/montepegolife.com\/de\/gastrobar-la-cova\/\",\"url\":\"https:\/\/montepegolife.com\/de\/gastrobar-la-cova\/\",\"name\":\"GastroBar La Cova - MontePego Life\",\"isPartOf\":{\"@id\":\"https:\/\/montepegolife.com\/#website\"},\"primaryImageOfPage\":{\"@id\":\"https:\/\/montepegolife.com\/de\/gastrobar-la-cova\/#primaryimage\"},\"image\":{\"@id\":\"https:\/\/montepegolife.com\/de\/gastrobar-la-cova\/#primaryimage\"},\"thumbnailUrl\":\"https:\/\/montepegolife.com\/wp-content\/uploads\/2025\/06\/4-1-1-1024x1021.webp\",\"datePublished\":\"2025-06-17T08:19:00+00:00\",\"dateModified\":\"2025-07-04T08:59:54+00:00\",\"breadcrumb\":{\"@id\":\"https:\/\/montepegolife.com\/de\/gastrobar-la-cova\/#breadcrumb\"},\"inLanguage\":\"de\",\"potentialAction\":[{\"@type\":\"ReadAction\",\"target\":[\"https:\/\/montepegolife.com\/de\/gastrobar-la-cova\/\"]}]},{\"@type\":\"ImageObject\",\"inLanguage\":\"de\",\"@id\":\"https:\/\/montepegolife.com\/de\/gastrobar-la-cova\/#primaryimage\",\"url\":\"https:\/\/montepegolife.com\/wp-content\/uploads\/2025\/06\/4-1-1-1024x1021.webp\",\"contentUrl\":\"https:\/\/montepegolife.com\/wp-content\/uploads\/2025\/06\/4-1-1-1024x1021.webp\"},{\"@type\":\"BreadcrumbList\",\"@id\":\"https:\/\/montepegolife.com\/de\/gastrobar-la-cova\/#breadcrumb\",\"itemListElement\":[{\"@type\":\"ListItem\",\"position\":1,\"name\":\"Home\",\"item\":\"https:\/\/montepegolife.com\/\"},{\"@type\":\"ListItem\",\"position\":2,\"name\":\"GastroBar La Cova\"}]},{\"@type\":\"WebSite\",\"@id\":\"https:\/\/montepegolife.com\/#website\",\"url\":\"https:\/\/montepegolife.com\/\",\"name\":\"MontePego Life\",\"description\":\"\",\"publisher\":{\"@id\":\"https:\/\/montepegolife.com\/#organization\"},\"potentialAction\":[{\"@type\":\"SearchAction\",\"target\":{\"@type\":\"EntryPoint\",\"urlTemplate\":\"https:\/\/montepegolife.com\/?s={search_term_string}\"},\"query-input\":{\"@type\":\"PropertyValueSpecification\",\"valueRequired\":true,\"valueName\":\"search_term_string\"}}],\"inLanguage\":\"de\"},{\"@type\":\"Organization\",\"@id\":\"https:\/\/montepegolife.com\/#organization\",\"name\":\"MontePego Life\",\"url\":\"https:\/\/montepegolife.com\/\",\"logo\":{\"@type\":\"ImageObject\",\"inLanguage\":\"de\",\"@id\":\"https:\/\/montepegolife.com\/#\/schema\/logo\/image\/\",\"url\":\"https:\/\/montepegolife.com\/wp-content\/uploads\/2025\/03\/logo-montepego-con-copy.png\",\"contentUrl\":\"https:\/\/montepegolife.com\/wp-content\/uploads\/2025\/03\/logo-montepego-con-copy.png\",\"width\":1122,\"height\":316,\"caption\":\"MontePego Life\"},\"image\":{\"@id\":\"https:\/\/montepegolife.com\/#\/schema\/logo\/image\/\"},\"sameAs\":[\"https:\/\/www.facebook.com\/montepego.info?mibextid=LQQJ4d&rdid=CCBK85trp35FhlgW\"]}]}<\/script>\n<!-- \/ Yoast SEO plugin. -->","yoast_head_json":{"title":"GastroBar La Cova - MontePego Life","robots":{"index":"index","follow":"follow","max-snippet":"max-snippet:-1","max-image-preview":"max-image-preview:large","max-video-preview":"max-video-preview:-1"},"canonical":"https:\/\/montepegolife.com\/de\/gastrobar-la-cova\/","og_locale":"de_DE","og_type":"article","og_title":"GastroBar La Cova - MontePego Life","og_description":"GastroBar La Cova Ein Paradies an der Costa Blanca, Alicante. GastroBar La Cova Ein Paradies an der Costa Blanca, Alicante. Die GastroBar La Cova ist die Anlaufstelle f\u00fcr Bewohner, Eigent\u00fcmer und Besucher von Monte Pego. La Cova ist die soziale Seele von Monte Pego, ein Ort, an dem sich guter Geschmack, gute Gesellschaft und eine [&hellip;]","og_url":"https:\/\/montepegolife.com\/de\/gastrobar-la-cova\/","og_site_name":"MontePego Life","article_publisher":"https:\/\/www.facebook.com\/montepego.info?mibextid=LQQJ4d&rdid=CCBK85trp35FhlgW","article_modified_time":"2025-07-04T08:59:54+00:00","og_image":[{"width":1920,"height":1914,"url":"https:\/\/montepegolife.com\/wp-content\/uploads\/2025\/06\/4-1-1.webp","type":"image\/webp"}],"twitter_card":"summary_large_image","twitter_misc":{"Gesch\u00e4tzte Lesezeit":"1\u00a0Minute"},"schema":{"@context":"https:\/\/schema.org","@graph":[{"@type":"WebPage","@id":"https:\/\/montepegolife.com\/de\/gastrobar-la-cova\/","url":"https:\/\/montepegolife.com\/de\/gastrobar-la-cova\/","name":"GastroBar La Cova - MontePego Life","isPartOf":{"@id":"https:\/\/montepegolife.com\/#website"},"primaryImageOfPage":{"@id":"https:\/\/montepegolife.com\/de\/gastrobar-la-cova\/#primaryimage"},"image":{"@id":"https:\/\/montepegolife.com\/de\/gastrobar-la-cova\/#primaryimage"},"thumbnailUrl":"https:\/\/montepegolife.com\/wp-content\/uploads\/2025\/06\/4-1-1-1024x1021.webp","datePublished":"2025-06-17T08:19:00+00:00","dateModified":"2025-07-04T08:59:54+00:00","breadcrumb":{"@id":"https:\/\/montepegolife.com\/de\/gastrobar-la-cova\/#breadcrumb"},"inLanguage":"de","potentialAction":[{"@type":"ReadAction","target":["https:\/\/montepegolife.com\/de\/gastrobar-la-cova\/"]}]},{"@type":"ImageObject","inLanguage":"de","@id":"https:\/\/montepegolife.com\/de\/gastrobar-la-cova\/#primaryimage","url":"https:\/\/montepegolife.com\/wp-content\/uploads\/2025\/06\/4-1-1-1024x1021.webp","contentUrl":"https:\/\/montepegolife.com\/wp-content\/uploads\/2025\/06\/4-1-1-1024x1021.webp"},{"@type":"BreadcrumbList","@id":"https:\/\/montepegolife.com\/de\/gastrobar-la-cova\/#breadcrumb","itemListElement":[{"@type":"ListItem","position":1,"name":"Home","item":"https:\/\/montepegolife.com\/"},{"@type":"ListItem","position":2,"name":"GastroBar La Cova"}]},{"@type":"WebSite","@id":"https:\/\/montepegolife.com\/#website","url":"https:\/\/montepegolife.com\/","name":"MontePego Life","description":"","publisher":{"@id":"https:\/\/montepegolife.com\/#organization"},"potentialAction":[{"@type":"SearchAction","target":{"@type":"EntryPoint","urlTemplate":"https:\/\/montepegolife.com\/?s={search_term_string}"},"query-input":{"@type":"PropertyValueSpecification","valueRequired":true,"valueName":"search_term_string"}}],"inLanguage":"de"},{"@type":"Organization","@id":"https:\/\/montepegolife.com\/#organization","name":"MontePego Life","url":"https:\/\/montepegolife.com\/","logo":{"@type":"ImageObject","inLanguage":"de","@id":"https:\/\/montepegolife.com\/#\/schema\/logo\/image\/","url":"https:\/\/montepegolife.com\/wp-content\/uploads\/2025\/03\/logo-montepego-con-copy.png","contentUrl":"https:\/\/montepegolife.com\/wp-content\/uploads\/2025\/03\/logo-montepego-con-copy.png","width":1122,"height":316,"caption":"MontePego Life"},"image":{"@id":"https:\/\/montepegolife.com\/#\/schema\/logo\/image\/"},"sameAs":["https:\/\/www.facebook.com\/montepego.info?mibextid=LQQJ4d&rdid=CCBK85trp35FhlgW"]}]}},"_links":{"self":[{"href":"https:\/\/montepegolife.com\/de\/wp-json\/wp\/v2\/pages\/25123","targetHints":{"allow":["GET"]}}],"collection":[{"href":"https:\/\/montepegolife.com\/de\/wp-json\/wp\/v2\/pages"}],"about":[{"href":"https:\/\/montepegolife.com\/de\/wp-json\/wp\/v2\/types\/page"}],"author":[{"embeddable":true,"href":"https:\/\/montepegolife.com\/de\/wp-json\/wp\/v2\/users\/1"}],"replies":[{"embeddable":true,"href":"https:\/\/montepegolife.com\/de\/wp-json\/wp\/v2\/comments?post=25123"}],"version-history":[{"count":2,"href":"https:\/\/montepegolife.com\/de\/wp-json\/wp\/v2\/pages\/25123\/revisions"}],"predecessor-version":[{"id":25507,"href":"https:\/\/montepegolife.com\/de\/wp-json\/wp\/v2\/pages\/25123\/revisions\/25507"}],"wp:attachment":[{"href":"https:\/\/montepegolife.com\/de\/wp-json\/wp\/v2\/media?parent=25123"}],"curies":[{"name":"wp","href":"https:\/\/api.w.org\/{rel}","templated":true}]}}