{"id":23065,"date":"2025-03-06T16:25:09","date_gmt":"2025-03-06T16:25:09","guid":{"rendered":"http:\/\/juanivars1960_hpdg5j4m"},"modified":"2025-04-06T15:59:36","modified_gmt":"2025-04-06T15:59:36","slug":"personalizar-cookies","status":"publish","type":"page","link":"https:\/\/montepegolife.com\/es\/personalizar-cookies\/","title":{"rendered":"Personalizar Cookies"},"content":{"rendered":"\t\t<div data-elementor-type=\"wp-page\" data-elementor-id=\"23065\" class=\"elementor elementor-23065\" data-elementor-post-type=\"page\">\n\t\t\t\t<div class=\"elementor-element elementor-element-b4b430b e-flex e-con-boxed e-con e-parent\" data-id=\"b4b430b\" data-element_type=\"container\" data-settings=\"{&quot;background_background&quot;:&quot;classic&quot;}\">\n\t\t\t\t\t<div class=\"e-con-inner\">\n\t\t\t\t<div class=\"elementor-element elementor-element-b560659 elementor-widget elementor-widget-heading\" data-id=\"b560659\" data-element_type=\"widget\" data-widget_type=\"heading.default\">\n\t\t\t\t<div class=\"elementor-widget-container\">\n\t\t\t\t\t<h2 class=\"elementor-heading-title elementor-size-default\">Personalizar Cookies<\/h2>\t\t\t\t<\/div>\n\t\t\t\t<\/div>\n\t\t\t\t\t<\/div>\n\t\t\t\t<\/div>\n\t\t<div class=\"elementor-element elementor-element-d6081b2 e-flex e-con-boxed e-con e-parent\" data-id=\"d6081b2\" data-element_type=\"container\">\n\t\t\t\t\t<div class=\"e-con-inner\">\n\t\t\t\t<div class=\"elementor-element elementor-element-9180916 elementor-widget elementor-widget-text-editor\" data-id=\"9180916\" data-element_type=\"widget\" data-widget_type=\"text-editor.default\">\n\t\t\t\t<div class=\"elementor-widget-container\">\n\t\t\t\t\t\t\t\t\t<div><div id=\"custom-cookies-eu-label\">El sitio Web https:\/\/www.montepegolife.com\/ utiliza cookies propias y de terceros para su correcto funcionamiento y para fines anal\u00edticos y para mostrarte publicidad relacionada con sus preferencias en base a un perfil elaborado a partir de tus h\u00e1bitos de navegaci\u00f3n. Al hacer clic en el bot\u00f3n Aceptar, acepta el uso de estas tecnolog\u00edas y el procesamiento de sus datos para estos prop\u00f3sitos.<\/div><div id=\"custom-cookies-eu-buttons\" class=\"cookies-eu-buttons\"><button id=\"custom-cookies-eu-reject\" class=\"cookies-eu-reject\">Rechazar<\/button>\u00a0<button id=\"custom-cookies-eu-accept\" class=\"cookies-eu-accept\">ACEPTAR TODAS LAS COOKIES<\/button><\/div><\/div><p>\u00a0<\/p><p>Puedes cambiar tus preferencias de cookies en cualquier momento si vuelves a la p\u00e1gina de Personalizar cookies, a la que puedes acceder a trav\u00e9s del Aviso de cookies. Para obtener m\u00e1s informaci\u00f3n sobre las cookies y c\u00f3mo las usamos, consulta la p\u00e1gina de\u00a0<a href=\"https:\/\/montepegolife.com\/politica-de-cookies\/\">Pol\u00edtica de Cookies<\/a>.<\/p><h3>Cookies t\u00e9cnicas<\/h3><p>Son aquellas que permiten a los usuarios registrados navegar a trav\u00e9s del sitio Web, del \u00e1rea restringida y a utilizar sus diferentes funciones, como por ejemplo, el sistema de comentarios o el buscador y no pueden ser desactivadas.<\/p><div class=\"custom-cookies-option\"><h3>Cookies de an\u00e1lisis o medici\u00f3n<\/h3><input id=\"custom-cookies-accept-analytics\" class=\"custom-cookies-radio\" name=\"cookies-analytics-option\" type=\"radio\" value=\"true\" data-consent=\"ANLTCS\" \/><label for=\"custom-cookies-accept-analytics\">Activar<\/label>\u00a0\u00a0\u00a0\u00a0<input id=\"custom-cookies-reject-analytics\" class=\"custom-cookies-radio\" checked=\"checked\" name=\"cookies-analytics-option\" type=\"radio\" value=\"false\" data-consent=\"ANLTCS\" \/><label for=\"custom-cookies-reject-analytics\">Desactivar<\/label><\/div><p>Son aquellas que, bien tratadas por el sitio Web o por terceros, permiten cuantificar el n\u00famero de usuarios y as\u00ed realizar la medici\u00f3n y an\u00e1lisis estad\u00edstico de la utilizaci\u00f3n que hacen los usuarios del sitio Web. Para ello se analiza la navegaci\u00f3n que realizas en este sitio Web con el fin de mejorarlo.<\/p><div class=\"custom-cookies-option\"><h3>Cookies sociales<\/h3><input id=\"custom-cookies-accept-social\" class=\"custom-cookies-radio\" name=\"cookies-social-option\" type=\"radio\" value=\"true\" data-consent=\"SCLS\" \/><label for=\"custom-cookies-accept-social\">Activar<\/label><\/div>\t\t\t\t\t\t\t\t<\/div>\n\t\t\t\t<\/div>\n\t\t\t\t\t<\/div>\n\t\t\t\t<\/div>\n\t\t\t\t<\/div>\n\t\t","protected":false},"excerpt":{"rendered":"<p>El sitio Web https:\/\/www.montepegolife.com\/ utiliza cookies propias y de terceros para su correcto funcionamiento y para fines anal\u00edticos y para mostrarte publicidad relacionada con sus preferencias en base a un perfil elaborado a partir de tus h\u00e1bitos de navegaci\u00f3n. Al hacer clic en el bot\u00f3n Aceptar, acepta el uso de estas tecnolog\u00edas y el procesamiento [&hellip;]<\/p>\n","protected":false},"author":1,"featured_media":0,"parent":0,"menu_order":0,"comment_status":"closed","ping_status":"closed","template":"","meta":{"_acf_changed":false,"_joinchat":[],"footnotes":""},"class_list":["post-23065","page","type-page","status-publish","hentry"],"acf":[],"yoast_head":"<!-- This site is optimized with the Yoast SEO plugin v26.7 - https:\/\/yoast.com\/wordpress\/plugins\/seo\/ -->\n<title>Personalizar Cookies - MontePego Life<\/title>\n<meta name=\"robots\" content=\"index, follow, max-snippet:-1, max-image-preview:large, max-video-preview:-1\" \/>\n<link rel=\"canonical\" href=\"https:\/\/montepegolife.com\/personalizar-cookies\/\" \/>\n<meta property=\"og:locale\" content=\"es_ES\" \/>\n<meta property=\"og:type\" content=\"article\" \/>\n<meta property=\"og:title\" content=\"Personalizar Cookies - MontePego Life\" \/>\n<meta property=\"og:description\" content=\"El sitio Web https:\/\/www.montepegolife.com\/ utiliza cookies propias y de terceros para su correcto funcionamiento y para fines anal\u00edticos y para mostrarte publicidad relacionada con sus preferencias en base a un perfil elaborado a partir de tus h\u00e1bitos de navegaci\u00f3n. Al hacer clic en el bot\u00f3n Aceptar, acepta el uso de estas tecnolog\u00edas y el procesamiento [&hellip;]\" \/>\n<meta property=\"og:url\" content=\"https:\/\/montepegolife.com\/personalizar-cookies\/\" \/>\n<meta property=\"og:site_name\" content=\"MontePego Life\" \/>\n<meta property=\"article:publisher\" content=\"https:\/\/www.facebook.com\/montepego.info?mibextid=LQQJ4d&amp;rdid=CCBK85trp35FhlgW\" \/>\n<meta property=\"article:modified_time\" content=\"2025-04-06T15:59:36+00:00\" \/>\n<meta name=\"twitter:card\" content=\"summary_large_image\" \/>\n<meta name=\"twitter:label1\" content=\"Tiempo de lectura\" \/>\n\t<meta name=\"twitter:data1\" content=\"1 minuto\" \/>\n<script type=\"application\/ld+json\" class=\"yoast-schema-graph\">{\"@context\":\"https:\/\/schema.org\",\"@graph\":[{\"@type\":\"WebPage\",\"@id\":\"https:\/\/montepegolife.com\/personalizar-cookies\/\",\"url\":\"https:\/\/montepegolife.com\/personalizar-cookies\/\",\"name\":\"Personalizar Cookies - MontePego Life\",\"isPartOf\":{\"@id\":\"https:\/\/montepegolife.com\/#website\"},\"datePublished\":\"2025-03-06T16:25:09+00:00\",\"dateModified\":\"2025-04-06T15:59:36+00:00\",\"breadcrumb\":{\"@id\":\"https:\/\/montepegolife.com\/personalizar-cookies\/#breadcrumb\"},\"inLanguage\":\"es\",\"potentialAction\":[{\"@type\":\"ReadAction\",\"target\":[\"https:\/\/montepegolife.com\/personalizar-cookies\/\"]}]},{\"@type\":\"BreadcrumbList\",\"@id\":\"https:\/\/montepegolife.com\/personalizar-cookies\/#breadcrumb\",\"itemListElement\":[{\"@type\":\"ListItem\",\"position\":1,\"name\":\"Home\",\"item\":\"https:\/\/montepegolife.com\/\"},{\"@type\":\"ListItem\",\"position\":2,\"name\":\"Personalizar Cookies\"}]},{\"@type\":\"WebSite\",\"@id\":\"https:\/\/montepegolife.com\/#website\",\"url\":\"https:\/\/montepegolife.com\/\",\"name\":\"MontePego Life\",\"description\":\"\",\"publisher\":{\"@id\":\"https:\/\/montepegolife.com\/#organization\"},\"potentialAction\":[{\"@type\":\"SearchAction\",\"target\":{\"@type\":\"EntryPoint\",\"urlTemplate\":\"https:\/\/montepegolife.com\/?s={search_term_string}\"},\"query-input\":{\"@type\":\"PropertyValueSpecification\",\"valueRequired\":true,\"valueName\":\"search_term_string\"}}],\"inLanguage\":\"es\"},{\"@type\":\"Organization\",\"@id\":\"https:\/\/montepegolife.com\/#organization\",\"name\":\"MontePego Life\",\"url\":\"https:\/\/montepegolife.com\/\",\"logo\":{\"@type\":\"ImageObject\",\"inLanguage\":\"es\",\"@id\":\"https:\/\/montepegolife.com\/#\/schema\/logo\/image\/\",\"url\":\"https:\/\/montepegolife.com\/wp-content\/uploads\/2025\/03\/logo-montepego-con-copy.png\",\"contentUrl\":\"https:\/\/montepegolife.com\/wp-content\/uploads\/2025\/03\/logo-montepego-con-copy.png\",\"width\":1122,\"height\":316,\"caption\":\"MontePego Life\"},\"image\":{\"@id\":\"https:\/\/montepegolife.com\/#\/schema\/logo\/image\/\"},\"sameAs\":[\"https:\/\/www.facebook.com\/montepego.info?mibextid=LQQJ4d&rdid=CCBK85trp35FhlgW\"]}]}<\/script>\n<!-- \/ Yoast SEO plugin. -->","yoast_head_json":{"title":"Personalizar Cookies - MontePego Life","robots":{"index":"index","follow":"follow","max-snippet":"max-snippet:-1","max-image-preview":"max-image-preview:large","max-video-preview":"max-video-preview:-1"},"canonical":"https:\/\/montepegolife.com\/personalizar-cookies\/","og_locale":"es_ES","og_type":"article","og_title":"Personalizar Cookies - MontePego Life","og_description":"El sitio Web https:\/\/www.montepegolife.com\/ utiliza cookies propias y de terceros para su correcto funcionamiento y para fines anal\u00edticos y para mostrarte publicidad relacionada con sus preferencias en base a un perfil elaborado a partir de tus h\u00e1bitos de navegaci\u00f3n. Al hacer clic en el bot\u00f3n Aceptar, acepta el uso de estas tecnolog\u00edas y el procesamiento [&hellip;]","og_url":"https:\/\/montepegolife.com\/personalizar-cookies\/","og_site_name":"MontePego Life","article_publisher":"https:\/\/www.facebook.com\/montepego.info?mibextid=LQQJ4d&rdid=CCBK85trp35FhlgW","article_modified_time":"2025-04-06T15:59:36+00:00","twitter_card":"summary_large_image","twitter_misc":{"Tiempo de lectura":"1 minuto"},"schema":{"@context":"https:\/\/schema.org","@graph":[{"@type":"WebPage","@id":"https:\/\/montepegolife.com\/personalizar-cookies\/","url":"https:\/\/montepegolife.com\/personalizar-cookies\/","name":"Personalizar Cookies - MontePego Life","isPartOf":{"@id":"https:\/\/montepegolife.com\/#website"},"datePublished":"2025-03-06T16:25:09+00:00","dateModified":"2025-04-06T15:59:36+00:00","breadcrumb":{"@id":"https:\/\/montepegolife.com\/personalizar-cookies\/#breadcrumb"},"inLanguage":"es","potentialAction":[{"@type":"ReadAction","target":["https:\/\/montepegolife.com\/personalizar-cookies\/"]}]},{"@type":"BreadcrumbList","@id":"https:\/\/montepegolife.com\/personalizar-cookies\/#breadcrumb","itemListElement":[{"@type":"ListItem","position":1,"name":"Home","item":"https:\/\/montepegolife.com\/"},{"@type":"ListItem","position":2,"name":"Personalizar Cookies"}]},{"@type":"WebSite","@id":"https:\/\/montepegolife.com\/#website","url":"https:\/\/montepegolife.com\/","name":"MontePego Life","description":"","publisher":{"@id":"https:\/\/montepegolife.com\/#organization"},"potentialAction":[{"@type":"SearchAction","target":{"@type":"EntryPoint","urlTemplate":"https:\/\/montepegolife.com\/?s={search_term_string}"},"query-input":{"@type":"PropertyValueSpecification","valueRequired":true,"valueName":"search_term_string"}}],"inLanguage":"es"},{"@type":"Organization","@id":"https:\/\/montepegolife.com\/#organization","name":"MontePego Life","url":"https:\/\/montepegolife.com\/","logo":{"@type":"ImageObject","inLanguage":"es","@id":"https:\/\/montepegolife.com\/#\/schema\/logo\/image\/","url":"https:\/\/montepegolife.com\/wp-content\/uploads\/2025\/03\/logo-montepego-con-copy.png","contentUrl":"https:\/\/montepegolife.com\/wp-content\/uploads\/2025\/03\/logo-montepego-con-copy.png","width":1122,"height":316,"caption":"MontePego Life"},"image":{"@id":"https:\/\/montepegolife.com\/#\/schema\/logo\/image\/"},"sameAs":["https:\/\/www.facebook.com\/montepego.info?mibextid=LQQJ4d&rdid=CCBK85trp35FhlgW"]}]}},"_links":{"self":[{"href":"https:\/\/montepegolife.com\/es\/wp-json\/wp\/v2\/pages\/23065","targetHints":{"allow":["GET"]}}],"collection":[{"href":"https:\/\/montepegolife.com\/es\/wp-json\/wp\/v2\/pages"}],"about":[{"href":"https:\/\/montepegolife.com\/es\/wp-json\/wp\/v2\/types\/page"}],"author":[{"embeddable":true,"href":"https:\/\/montepegolife.com\/es\/wp-json\/wp\/v2\/users\/1"}],"replies":[{"embeddable":true,"href":"https:\/\/montepegolife.com\/es\/wp-json\/wp\/v2\/comments?post=23065"}],"version-history":[{"count":3,"href":"https:\/\/montepegolife.com\/es\/wp-json\/wp\/v2\/pages\/23065\/revisions"}],"predecessor-version":[{"id":23648,"href":"https:\/\/montepegolife.com\/es\/wp-json\/wp\/v2\/pages\/23065\/revisions\/23648"}],"wp:attachment":[{"href":"https:\/\/montepegolife.com\/es\/wp-json\/wp\/v2\/media?parent=23065"}],"curies":[{"name":"wp","href":"https:\/\/api.w.org\/{rel}","templated":true}]}}