{"id":25088,"date":"2025-05-30T15:28:35","date_gmt":"2025-05-30T15:28:35","guid":{"rendered":"https:\/\/montepegolife.codematic.xyz\/contact\/"},"modified":"2026-03-12T23:13:58","modified_gmt":"2026-03-12T23:13:58","slug":"contact","status":"publish","type":"page","link":"https:\/\/montepegolife.com\/fr\/contact\/","title":{"rendered":"Contact"},"content":{"rendered":"\t\t<div data-elementor-type=\"wp-page\" data-elementor-id=\"25088\" class=\"elementor elementor-25088 elementor-24380\" data-elementor-post-type=\"page\">\n\t\t\t\t<div class=\"elementor-element elementor-element-dd2765d elementor-hidden-tablet elementor-hidden-mobile e-flex e-con-boxed e-con e-parent\" data-id=\"dd2765d\" data-element_type=\"container\" data-settings=\"{&quot;background_background&quot;:&quot;classic&quot;}\">\n\t\t\t\t\t<div class=\"e-con-inner\">\n\t\t<div class=\"elementor-element elementor-element-73c733a e-con-full e-flex e-con e-child\" data-id=\"73c733a\" data-element_type=\"container\">\n\t\t\t\t<div class=\"elementor-element elementor-element-23a9f25 elementor-widget elementor-widget-heading\" data-id=\"23a9f25\" data-element_type=\"widget\" data-widget_type=\"heading.default\">\n\t\t\t\t<div class=\"elementor-widget-container\">\n\t\t\t\t\t<h1 class=\"elementor-heading-title elementor-size-default\">Contact<\/h1>\t\t\t\t<\/div>\n\t\t\t\t<\/div>\n\t\t\t\t<\/div>\n\t\t<div class=\"elementor-element elementor-element-8dd63a4 e-con-full e-flex e-con e-child\" data-id=\"8dd63a4\" data-element_type=\"container\">\n\t\t\t\t<\/div>\n\t\t\t\t\t<\/div>\n\t\t\t\t<\/div>\n\t\t<div class=\"elementor-element elementor-element-f4a3fb0 elementor-hidden-desktop e-flex e-con-boxed e-con e-parent\" data-id=\"f4a3fb0\" data-element_type=\"container\" data-settings=\"{&quot;background_background&quot;:&quot;classic&quot;}\">\n\t\t\t\t\t<div class=\"e-con-inner\">\n\t\t<div class=\"elementor-element elementor-element-8e95c24 e-con-full e-flex e-con e-child\" data-id=\"8e95c24\" data-element_type=\"container\">\n\t\t\t\t<div class=\"elementor-element elementor-element-ba415f8 elementor-widget elementor-widget-heading\" data-id=\"ba415f8\" data-element_type=\"widget\" data-widget_type=\"heading.default\">\n\t\t\t\t<div class=\"elementor-widget-container\">\n\t\t\t\t\t<h2 class=\"elementor-heading-title elementor-size-default\">Contact<\/h2>\t\t\t\t<\/div>\n\t\t\t\t<\/div>\n\t\t\t\t<\/div>\n\t\t<div class=\"elementor-element elementor-element-f445439 e-con-full e-flex e-con e-child\" data-id=\"f445439\" data-element_type=\"container\">\n\t\t\t\t<\/div>\n\t\t\t\t\t<\/div>\n\t\t\t\t<\/div>\n\t\t<div class=\"elementor-element elementor-element-bb2eb2e e-flex e-con-boxed e-con e-parent\" data-id=\"bb2eb2e\" data-element_type=\"container\">\n\t\t\t\t\t<div class=\"e-con-inner\">\n\t\t<div class=\"elementor-element elementor-element-0b30bef e-con-full e-flex e-con e-child\" data-id=\"0b30bef\" data-element_type=\"container\">\n\t\t\t\t<div class=\"elementor-element elementor-element-5145385 elementor-view-default elementor-position-block-start elementor-mobile-position-block-start elementor-invisible elementor-widget elementor-widget-icon-box\" data-id=\"5145385\" data-element_type=\"widget\" data-settings=\"{&quot;_animation&quot;:&quot;fadeInRight&quot;}\" data-widget_type=\"icon-box.default\">\n\t\t\t\t<div class=\"elementor-widget-container\">\n\t\t\t\t\t\t\t<div class=\"elementor-icon-box-wrapper\">\n\n\t\t\t\t\t\t<div class=\"elementor-icon-box-icon\">\n\t\t\t\t<a href=\"https:\/\/maps.app.goo.gl\/Pj4zc9xvGsnEftkt5\" class=\"elementor-icon\" tabindex=\"-1\" aria-label=\"Edificio Rosario, Avd. Internacional N\u00ba1, MontePego, 03780, Pego, Alicante, Espa\u00f1a \">\n\t\t\t\t<svg xmlns=\"http:\/\/www.w3.org\/2000\/svg\" clip-rule=\"evenodd\" fill-rule=\"evenodd\" height=\"512\" image-rendering=\"optimizeQuality\" shape-rendering=\"geometricPrecision\" text-rendering=\"geometricPrecision\" viewBox=\"0 0 1.70666 1.70666\" width=\"512\"><g id=\"Layer_x0020_1\" fill-rule=\"nonzero\"><path d=\"m.853331.00007087c.172524 0 .32872.069937.44178.183.113063.113059.183.269256.183.44178 0 .207638-.22828.560102-.396299.819516-.0453701.0700512-.0862638.133181-.116559.184047-.0167598.0281417-.0370433.0488228-.0587126.0617362-.0174921.0104213-.0359843.0159252-.0545906.0164055-.0191732.00050394-.0378976-.00437008-.0552283-.0146969-.0174764-.0104094-.0331811-.0263071-.045937-.0477165-.030378-.0509921-.0716417-.11476-.117587-.185756-.170685-.263752-.404646-.625268-.404646-.833535 0-.172524.069937-.32872.183-.44178.113059-.113063.269256-.183.44178-.183zm.38522.239559c-.0985787-.0985827-.23478-.159559-.38522-.159559-.150441 0-.286642.0609764-.38522.159559-.0985827.0985787-.159559.23478-.159559.38522 0 .18511.22637.534898.39152.790094.0464449.0717677.0881575.136228.119154.18826.00578346.00970866.0120551.0164134.0184331.0202126.00405512.00241339.00826772.00355906.0124173.00345276.00471654-.00012205.00998031-.00185827.0155276-.00516142.0106811-.00636614.0214134-.0177835.0312087-.0342323.0309252-.0519173.0722598-.115736.118126-.186551.162453-.250823.383173-.591606.383173-.776075 0-.150441-.0609764-.286642-.159559-.38522z\"><\/path><path d=\"m.853331.252791c.0934843 0 .178122.0378976.23939.0991654.0612677.0612677.0991654.145906.0991654.23939 0 .0934843-.0378976.178122-.0991654.23939-.0612677.0612677-.145906.0991654-.23939.0991654-.0934843 0-.178122-.0378976-.23939-.0991654-.0612677-.0612677-.0991654-.145906-.0991654-.23939 0-.0934843.0378976-.178122.0991654-.23939.0612677-.0612677.145906-.0991654.23939-.0991654zm.182831.155724c-.0467835-.0467835-.111429-.0757244-.182831-.0757244-.0714016 0-.136047.0289409-.182831.0757244-.0467835.0467835-.0757244.111429-.0757244.182831 0 .0714016.0289409.136047.0757244.182831.0467835.0467835.111429.0757244.182831.0757244.0714016 0 .136047-.0289409.182831-.0757244.0467835-.0467835.0757244-.111429.0757244-.182831 0-.0714016-.0289409-.136047-.0757244-.182831z\"><\/path><\/g><\/svg>\t\t\t\t<\/a>\n\t\t\t<\/div>\n\t\t\t\n\t\t\t\t\t\t<div class=\"elementor-icon-box-content\">\n\n\t\t\t\t\t\t\t\t\t<h3 class=\"elementor-icon-box-title\">\n\t\t\t\t\t\t<a href=\"https:\/\/maps.app.goo.gl\/Pj4zc9xvGsnEftkt5\" >\n\t\t\t\t\t\t\tEdificio Rosario, Avd. Internacional N\u00ba1, MontePego, 03780, Pego, Alicante, Espa\u00f1a \t\t\t\t\t\t<\/a>\n\t\t\t\t\t<\/h3>\n\t\t\t\t\n\t\t\t\t\n\t\t\t<\/div>\n\t\t\t\n\t\t<\/div>\n\t\t\t\t\t\t<\/div>\n\t\t\t\t<\/div>\n\t\t\t\t<\/div>\n\t\t<div class=\"elementor-element elementor-element-3e04db1 e-con-full e-flex e-con e-child\" data-id=\"3e04db1\" data-element_type=\"container\">\n\t\t\t\t<div class=\"elementor-element elementor-element-3cce8c3 elementor-view-default elementor-position-block-start elementor-mobile-position-block-start elementor-invisible elementor-widget elementor-widget-icon-box\" data-id=\"3cce8c3\" data-element_type=\"widget\" data-settings=\"{&quot;_animation&quot;:&quot;fadeInRight&quot;}\" data-widget_type=\"icon-box.default\">\n\t\t\t\t<div class=\"elementor-widget-container\">\n\t\t\t\t\t\t\t<div class=\"elementor-icon-box-wrapper\">\n\n\t\t\t\t\t\t<div class=\"elementor-icon-box-icon\">\n\t\t\t\t<a href=\"tel:0034965572507\" class=\"elementor-icon\" tabindex=\"-1\" aria-label=\"96 557 25 07&lt;br&gt;96 557 14 58\">\n\t\t\t\t<svg xmlns=\"http:\/\/www.w3.org\/2000\/svg\" xmlns:xlink=\"http:\/\/www.w3.org\/1999\/xlink\" id=\"Capa_1\" x=\"0px\" y=\"0px\" viewBox=\"0 0 482.6 482.6\" style=\"enable-background:new 0 0 482.6 482.6;\" xml:space=\"preserve\"><g>\t<path d=\"M98.339,320.8c47.6,56.9,104.9,101.7,170.3,133.4c24.9,11.8,58.2,25.8,95.3,28.2c2.3,0.1,4.5,0.2,6.8,0.2  c24.9,0,44.9-8.6,61.2-26.3c0.1-0.1,0.3-0.3,0.4-0.5c5.8-7,12.4-13.3,19.3-20c4.7-4.5,9.5-9.2,14.1-14  c21.3-22.2,21.3-50.4-0.2-71.9l-60.1-60.1c-10.2-10.6-22.4-16.2-35.2-16.2c-12.8,0-25.1,5.6-35.6,16.1l-35.8,35.8  c-3.3-1.9-6.7-3.6-9.9-5.2c-4-2-7.7-3.9-11-6c-32.6-20.7-62.2-47.7-90.5-82.4c-14.3-18.1-23.9-33.3-30.6-48.8  c9.4-8.5,18.2-17.4,26.7-26.1c3-3.1,6.1-6.2,9.2-9.3c10.8-10.8,16.6-23.3,16.6-36s-5.7-25.2-16.6-36l-29.8-29.8  c-3.5-3.5-6.8-6.9-10.2-10.4c-6.6-6.8-13.5-13.8-20.3-20.1c-10.3-10.1-22.4-15.4-35.2-15.4c-12.7,0-24.9,5.3-35.6,15.5l-37.4,37.4  c-13.6,13.6-21.3,30.1-22.9,49.2c-1.9,23.9,2.5,49.3,13.9,80C32.739,229.6,59.139,273.7,98.339,320.8z M25.739,104.2  c1.2-13.3,6.3-24.4,15.9-34l37.2-37.2c5.8-5.6,12.2-8.5,18.4-8.5c6.1,0,12.3,2.9,18,8.7c6.7,6.2,13,12.7,19.8,19.6  c3.4,3.5,6.9,7,10.4,10.6l29.8,29.8c6.2,6.2,9.4,12.5,9.4,18.7s-3.2,12.5-9.4,18.7c-3.1,3.1-6.2,6.3-9.3,9.4  c-9.3,9.4-18,18.3-27.6,26.8c-0.2,0.2-0.3,0.3-0.5,0.5c-8.3,8.3-7,16.2-5,22.2c0.1,0.3,0.2,0.5,0.3,0.8  c7.7,18.5,18.4,36.1,35.1,57.1c30,37,61.6,65.7,96.4,87.8c4.3,2.8,8.9,5,13.2,7.2c4,2,7.7,3.9,11,6c0.4,0.2,0.7,0.4,1.1,0.6  c3.3,1.7,6.5,2.5,9.7,2.5c8,0,13.2-5.1,14.9-6.8l37.4-37.4c5.8-5.8,12.1-8.9,18.3-8.9c7.6,0,13.8,4.7,17.7,8.9l60.3,60.2  c12,12,11.9,25-0.3,37.7c-4.2,4.5-8.6,8.8-13.3,13.3c-7,6.8-14.3,13.8-20.9,21.7c-11.5,12.4-25.2,18.2-42.9,18.2  c-1.7,0-3.5-0.1-5.2-0.2c-32.8-2.1-63.3-14.9-86.2-25.8c-62.2-30.1-116.8-72.8-162.1-127c-37.3-44.9-62.4-86.7-79-131.5  C28.039,146.4,24.139,124.3,25.739,104.2z\"><\/path><\/g><g><\/g><g><\/g><g><\/g><g><\/g><g><\/g><g><\/g><g><\/g><g><\/g><g><\/g><g><\/g><g><\/g><g><\/g><g><\/g><g><\/g><g><\/g><\/svg>\t\t\t\t<\/a>\n\t\t\t<\/div>\n\t\t\t\n\t\t\t\t\t\t<div class=\"elementor-icon-box-content\">\n\n\t\t\t\t\t\t\t\t\t<h3 class=\"elementor-icon-box-title\">\n\t\t\t\t\t\t<a href=\"tel:0034965572507\" >\n\t\t\t\t\t\t\t96 557 25 07<br>96 557 14 58\t\t\t\t\t\t<\/a>\n\t\t\t\t\t<\/h3>\n\t\t\t\t\n\t\t\t\t\n\t\t\t<\/div>\n\t\t\t\n\t\t<\/div>\n\t\t\t\t\t\t<\/div>\n\t\t\t\t<\/div>\n\t\t\t\t<\/div>\n\t\t<div class=\"elementor-element elementor-element-6d1ec6b e-con-full e-flex e-con e-child\" data-id=\"6d1ec6b\" data-element_type=\"container\">\n\t\t\t\t<div class=\"elementor-element elementor-element-351440f elementor-view-default elementor-position-block-start elementor-mobile-position-block-start elementor-invisible elementor-widget elementor-widget-icon-box\" data-id=\"351440f\" data-element_type=\"widget\" data-settings=\"{&quot;_animation&quot;:&quot;fadeInRight&quot;}\" data-widget_type=\"icon-box.default\">\n\t\t\t\t<div class=\"elementor-widget-container\">\n\t\t\t\t\t\t\t<div class=\"elementor-icon-box-wrapper\">\n\n\t\t\t\t\t\t<div class=\"elementor-icon-box-icon\">\n\t\t\t\t<a href=\"mailto:info@montepegolife.com\" class=\"elementor-icon\" tabindex=\"-1\" aria-label=\"info@montepegolife.com\">\n\t\t\t\t<svg xmlns=\"http:\/\/www.w3.org\/2000\/svg\" id=\"svg\" height=\"170\" viewBox=\"0 0 170 170\" width=\"170\"><path d=\"m155.7 25.536h-141.4c-5.128 0-9.3 4.172-9.3 9.3v100.328c0 5.128 4.172 9.3 9.3 9.3h141.4c5.128 0 9.3-4.172 9.3-9.3v-100.328c0-5.128-4.172-9.3-9.3-9.3zm-7.149 10-54.686 59.03c-2.318 2.507-5.466 3.887-8.865 3.887s-6.547-1.38-8.868-3.891l-54.683-59.026zm-133.551 98.928v-91.174l53.793 58.065c4.171 4.511 10.078 7.098 16.207 7.098s12.036-2.587 16.204-7.094l53.796-58.068v91.173z\"><\/path><\/svg>\t\t\t\t<\/a>\n\t\t\t<\/div>\n\t\t\t\n\t\t\t\t\t\t<div class=\"elementor-icon-box-content\">\n\n\t\t\t\t\t\t\t\t\t<h3 class=\"elementor-icon-box-title\">\n\t\t\t\t\t\t<a href=\"mailto:info@montepegolife.com\" >\n\t\t\t\t\t\t\tinfo@montepegolife.com\t\t\t\t\t\t<\/a>\n\t\t\t\t\t<\/h3>\n\t\t\t\t\n\t\t\t\t\n\t\t\t<\/div>\n\t\t\t\n\t\t<\/div>\n\t\t\t\t\t\t<\/div>\n\t\t\t\t<\/div>\n\t\t\t\t<\/div>\n\t\t\t\t\t<\/div>\n\t\t\t\t<\/div>\n\t\t\t\t<section class=\"elementor-section elementor-top-section elementor-element elementor-element-0360c28 elementor-section-boxed elementor-section-height-default elementor-section-height-default\" data-id=\"0360c28\" data-element_type=\"section\">\n\t\t\t\t\t\t<div class=\"elementor-container elementor-column-gap-default\">\n\t\t\t\t\t<div class=\"elementor-column elementor-col-100 elementor-top-column elementor-element elementor-element-45c6a5c\" data-id=\"45c6a5c\" data-element_type=\"column\">\n\t\t\t<div class=\"elementor-widget-wrap elementor-element-populated\">\n\t\t\t\t\t\t<div class=\"elementor-element elementor-element-7bcd532 elementor-button-align-center elementor-widget elementor-widget-form\" data-id=\"7bcd532\" data-element_type=\"widget\" data-settings=\"{&quot;step_next_label&quot;:&quot;Suivant&quot;,&quot;step_previous_label&quot;:&quot;Pr\\u00e9c\\u00e9dent&quot;,&quot;button_width&quot;:&quot;100&quot;,&quot;step_type&quot;:&quot;number_text&quot;,&quot;step_icon_shape&quot;:&quot;circle&quot;}\" data-widget_type=\"form.default\">\n\t\t\t\t<div class=\"elementor-widget-container\">\n\t\t\t\t\t\t\t<form class=\"elementor-form\" method=\"post\" name=\"CONTACTEZ-NOUS\" aria-label=\"CONTACTEZ-NOUS\">\n\t\t\t<input type=\"hidden\" name=\"post_id\" value=\"25088\"\/>\n\t\t\t<input type=\"hidden\" name=\"form_id\" value=\"7bcd532\"\/>\n\t\t\t<input type=\"hidden\" name=\"referer_title\" value=\"Contact - MontePego Life\" \/>\n\n\t\t\t\t\t\t\t<input type=\"hidden\" name=\"queried_id\" value=\"25088\"\/>\n\t\t\t\n\t\t\t<div class=\"elementor-form-fields-wrapper elementor-labels-above\">\n\t\t\t\t\t\t\t\t<div class=\"elementor-field-type-textarea elementor-field-group elementor-column elementor-field-group-message elementor-col-100\">\n\t\t\t\t\t\t\t\t\t\t\t\t<label for=\"form-field-message\" class=\"elementor-field-label\">\n\t\t\t\t\t\t\t\tQue recherchez-vous, quel est votre r\u00eave ?\t\t\t\t\t\t\t<\/label>\n\t\t\t\t\t\t<textarea class=\"elementor-field-textual elementor-field  elementor-size-sm\" name=\"form_fields[message]\" id=\"form-field-message\" rows=\"3\"><\/textarea>\t\t\t\t<\/div>\n\t\t\t\t\t\t\t\t<div class=\"elementor-field-type-text elementor-field-group elementor-column elementor-field-group-name elementor-col-50 elementor-field-required elementor-mark-required\">\n\t\t\t\t\t\t\t\t\t\t\t\t<label for=\"form-field-name\" class=\"elementor-field-label\">\n\t\t\t\t\t\t\t\tNom\t\t\t\t\t\t\t<\/label>\n\t\t\t\t\t\t\t\t\t\t\t\t\t\t<input size=\"1\" type=\"text\" name=\"form_fields[name]\" id=\"form-field-name\" class=\"elementor-field elementor-size-sm  elementor-field-textual\" required=\"required\">\n\t\t\t\t\t\t\t\t\t\t\t<\/div>\n\t\t\t\t\t\t\t\t<div class=\"elementor-field-type-text elementor-field-group elementor-column elementor-field-group-field_edfedc2 elementor-col-50 elementor-field-required elementor-mark-required\">\n\t\t\t\t\t\t\t\t\t\t\t\t<label for=\"form-field-field_edfedc2\" class=\"elementor-field-label\">\n\t\t\t\t\t\t\t\tNom de famille\t\t\t\t\t\t\t<\/label>\n\t\t\t\t\t\t\t\t\t\t\t\t\t\t<input size=\"1\" type=\"text\" name=\"form_fields[field_edfedc2]\" id=\"form-field-field_edfedc2\" class=\"elementor-field elementor-size-sm  elementor-field-textual\" required=\"required\">\n\t\t\t\t\t\t\t\t\t\t\t<\/div>\n\t\t\t\t\t\t\t\t<div class=\"elementor-field-type-email elementor-field-group elementor-column elementor-field-group-email elementor-col-50 elementor-field-required elementor-mark-required\">\n\t\t\t\t\t\t\t\t\t\t\t\t<label for=\"form-field-email\" class=\"elementor-field-label\">\n\t\t\t\t\t\t\t\tVotre adresse \u00e9lectronique\t\t\t\t\t\t\t<\/label>\n\t\t\t\t\t\t\t\t\t\t\t\t\t\t<input size=\"1\" type=\"email\" name=\"form_fields[email]\" id=\"form-field-email\" class=\"elementor-field elementor-size-sm  elementor-field-textual\" required=\"required\">\n\t\t\t\t\t\t\t\t\t\t\t<\/div>\n\t\t\t\t\t\t\t\t<div class=\"elementor-field-type-tel elementor-field-group elementor-column elementor-field-group-field_5cfae95 elementor-col-50 elementor-field-required elementor-mark-required\">\n\t\t\t\t\t\t\t\t\t\t\t\t<label for=\"form-field-field_5cfae95\" class=\"elementor-field-label\">\n\t\t\t\t\t\t\t\tNum\u00e9ro de t\u00e9l\u00e9phone du contact\t\t\t\t\t\t\t<\/label>\n\t\t\t\t\t\t\t\t<input size=\"1\" type=\"tel\" name=\"form_fields[field_5cfae95]\" id=\"form-field-field_5cfae95\" class=\"elementor-field elementor-size-sm  elementor-field-textual\" required=\"required\" pattern=\"[0-9()#&amp;+*-=.]+\" title=\"Seuls les caract\u00e8res de num\u00e9ros de t\u00e9l\u00e9phone (#, -, *, etc.) sont accept\u00e9s.\">\n\n\t\t\t\t\t\t<\/div>\n\t\t\t\t\t\t\t\t<div class=\"elementor-field-type-acceptance elementor-field-group elementor-column elementor-field-group-field_0c4a723 elementor-col-100 elementor-field-required elementor-mark-required\">\n\t\t\t\t\t\t\t<div class=\"elementor-field-subgroup\">\n\t\t\t<span class=\"elementor-field-option\">\n\t\t\t\t<input type=\"checkbox\" name=\"form_fields[field_0c4a723]\" id=\"form-field-field_0c4a723\" class=\"elementor-field elementor-size-sm  elementor-acceptance-field\" required=\"required\">\n\t\t\t\t<label for=\"form-field-field_0c4a723\">J'ai lu et j'accepte la <a href=\"https:\/\/montepegolife.com\/es\/politica-de-privacidad\/\" target=\"_blank\"> politique de confidentialit\u00e9<\/a><\/label>\t\t\t<\/span>\n\t\t<\/div>\n\t\t\t\t\t\t<\/div>\n\t\t\t\t\t\t\t\t<div class=\"elementor-field-type-recaptcha_v3 elementor-field-group elementor-column elementor-field-group-field_f2970ee elementor-col-100 recaptcha_v3-bottomright\">\n\t\t\t\t\t<div class=\"elementor-field\" id=\"form-field-field_f2970ee\"><div class=\"elementor-g-recaptcha\" data-sitekey=\"6LeQm4gsAAAAAHBbv3Oq3p1xxSJL-FMETHfV42M_\" data-type=\"v3\" data-action=\"Form\" data-badge=\"bottomright\" data-size=\"invisible\"><\/div><\/div>\t\t\t\t<\/div>\n\t\t\t\t\t\t\t\t<div class=\"elementor-field-group elementor-column elementor-field-type-submit elementor-col-100 e-form__buttons\">\n\t\t\t\t\t<button class=\"elementor-button elementor-size-sm\" type=\"submit\">\n\t\t\t\t\t\t<span class=\"elementor-button-content-wrapper\">\n\t\t\t\t\t\t\t\t\t\t\t\t\t\t\t\t\t\t\t\t\t\t<span class=\"elementor-button-text\">Envoyer<\/span>\n\t\t\t\t\t\t\t\t\t\t\t\t\t<\/span>\n\t\t\t\t\t<\/button>\n\t\t\t\t<\/div>\n\t\t\t<\/div>\n\t\t<\/form>\n\t\t\t\t\t\t<\/div>\n\t\t\t\t<\/div>\n\t\t\t\t\t<\/div>\n\t\t<\/div>\n\t\t\t\t\t<\/div>\n\t\t<\/section>\n\t\t<div class=\"elementor-element elementor-element-73360a3 e-con-full e-flex e-con e-parent\" data-id=\"73360a3\" data-element_type=\"container\">\n\t\t\t\t<div class=\"elementor-element elementor-element-dbfc5be elementor-widget elementor-widget-google_maps\" data-id=\"dbfc5be\" data-element_type=\"widget\" data-widget_type=\"google_maps.default\">\n\t\t\t\t<div class=\"elementor-widget-container\">\n\t\t\t\t\t\t\t<div class=\"elementor-custom-embed\">\n\t\t\t<iframe loading=\"lazy\"\n\t\t\t\t\tsrc=\"https:\/\/maps.google.com\/maps?q=montepegolife&#038;t=m&#038;z=13&#038;output=embed&#038;iwloc=near\"\n\t\t\t\t\ttitle=\"montepegolife\"\n\t\t\t\t\taria-label=\"montepegolife\"\n\t\t\t><\/iframe>\n\t\t<\/div>\n\t\t\t\t\t\t<\/div>\n\t\t\t\t<\/div>\n\t\t\t\t<\/div>\n\t\t\t\t<\/div>\n\t\t","protected":false},"excerpt":{"rendered":"<p>Edificio Rosario, Avd. Internacional N\u00ba1, MontePego, 03780, Pego, Alicante, Espa\u00f1a 96 557 25 0796 557 14 58 info@montepegolife.com<\/p>\n","protected":false},"author":1,"featured_media":0,"parent":0,"menu_order":0,"comment_status":"closed","ping_status":"closed","template":"","meta":{"_acf_changed":false,"_joinchat":[],"footnotes":""},"class_list":["post-25088","page","type-page","status-publish","hentry"],"acf":[],"yoast_head":"<!-- This site is optimized with the Yoast SEO plugin v26.7 - https:\/\/yoast.com\/wordpress\/plugins\/seo\/ -->\n<title>Contact - MontePego Life<\/title>\n<meta name=\"robots\" content=\"index, follow, max-snippet:-1, max-image-preview:large, max-video-preview:-1\" \/>\n<link rel=\"canonical\" href=\"https:\/\/montepegolife.com\/contact-us\/\" \/>\n<meta property=\"og:locale\" content=\"fr_FR\" \/>\n<meta property=\"og:type\" content=\"article\" \/>\n<meta property=\"og:title\" content=\"Contact - MontePego Life\" \/>\n<meta property=\"og:description\" content=\"Edificio Rosario, Avd. Internacional N\u00ba1, MontePego, 03780, Pego, Alicante, Espa\u00f1a 96 557 25 0796 557 14 58 info@montepegolife.com\" \/>\n<meta property=\"og:url\" content=\"https:\/\/montepegolife.com\/contact-us\/\" \/>\n<meta property=\"og:site_name\" content=\"MontePego Life\" \/>\n<meta property=\"article:publisher\" content=\"https:\/\/www.facebook.com\/montepego.info?mibextid=LQQJ4d&amp;rdid=CCBK85trp35FhlgW\" \/>\n<meta property=\"article:modified_time\" content=\"2026-03-12T23:13:58+00:00\" \/>\n<meta name=\"twitter:card\" content=\"summary_large_image\" \/>\n<script type=\"application\/ld+json\" class=\"yoast-schema-graph\">{\"@context\":\"https:\/\/schema.org\",\"@graph\":[{\"@type\":\"WebPage\",\"@id\":\"https:\/\/montepegolife.com\/contact-us\/\",\"url\":\"https:\/\/montepegolife.com\/contact-us\/\",\"name\":\"Contact - MontePego Life\",\"isPartOf\":{\"@id\":\"https:\/\/montepegolife.com\/#website\"},\"datePublished\":\"2025-05-30T15:28:35+00:00\",\"dateModified\":\"2026-03-12T23:13:58+00:00\",\"breadcrumb\":{\"@id\":\"https:\/\/montepegolife.com\/contact-us\/#breadcrumb\"},\"inLanguage\":\"fr-FR\",\"potentialAction\":[{\"@type\":\"ReadAction\",\"target\":[\"https:\/\/montepegolife.com\/contact-us\/\"]}]},{\"@type\":\"BreadcrumbList\",\"@id\":\"https:\/\/montepegolife.com\/contact-us\/#breadcrumb\",\"itemListElement\":[{\"@type\":\"ListItem\",\"position\":1,\"name\":\"Home\",\"item\":\"https:\/\/montepegolife.com\/\"},{\"@type\":\"ListItem\",\"position\":2,\"name\":\"Contact\"}]},{\"@type\":\"WebSite\",\"@id\":\"https:\/\/montepegolife.com\/#website\",\"url\":\"https:\/\/montepegolife.com\/\",\"name\":\"MontePego Life\",\"description\":\"\",\"publisher\":{\"@id\":\"https:\/\/montepegolife.com\/#organization\"},\"potentialAction\":[{\"@type\":\"SearchAction\",\"target\":{\"@type\":\"EntryPoint\",\"urlTemplate\":\"https:\/\/montepegolife.com\/?s={search_term_string}\"},\"query-input\":{\"@type\":\"PropertyValueSpecification\",\"valueRequired\":true,\"valueName\":\"search_term_string\"}}],\"inLanguage\":\"fr-FR\"},{\"@type\":\"Organization\",\"@id\":\"https:\/\/montepegolife.com\/#organization\",\"name\":\"MontePego Life\",\"url\":\"https:\/\/montepegolife.com\/\",\"logo\":{\"@type\":\"ImageObject\",\"inLanguage\":\"fr-FR\",\"@id\":\"https:\/\/montepegolife.com\/#\/schema\/logo\/image\/\",\"url\":\"https:\/\/montepegolife.com\/wp-content\/uploads\/2025\/03\/logo-montepego-con-copy.png\",\"contentUrl\":\"https:\/\/montepegolife.com\/wp-content\/uploads\/2025\/03\/logo-montepego-con-copy.png\",\"width\":1122,\"height\":316,\"caption\":\"MontePego Life\"},\"image\":{\"@id\":\"https:\/\/montepegolife.com\/#\/schema\/logo\/image\/\"},\"sameAs\":[\"https:\/\/www.facebook.com\/montepego.info?mibextid=LQQJ4d&rdid=CCBK85trp35FhlgW\"]}]}<\/script>\n<!-- \/ Yoast SEO plugin. -->","yoast_head_json":{"title":"Contact - MontePego Life","robots":{"index":"index","follow":"follow","max-snippet":"max-snippet:-1","max-image-preview":"max-image-preview:large","max-video-preview":"max-video-preview:-1"},"canonical":"https:\/\/montepegolife.com\/contact-us\/","og_locale":"fr_FR","og_type":"article","og_title":"Contact - MontePego Life","og_description":"Edificio Rosario, Avd. Internacional N\u00ba1, MontePego, 03780, Pego, Alicante, Espa\u00f1a 96 557 25 0796 557 14 58 info@montepegolife.com","og_url":"https:\/\/montepegolife.com\/contact-us\/","og_site_name":"MontePego Life","article_publisher":"https:\/\/www.facebook.com\/montepego.info?mibextid=LQQJ4d&rdid=CCBK85trp35FhlgW","article_modified_time":"2026-03-12T23:13:58+00:00","twitter_card":"summary_large_image","schema":{"@context":"https:\/\/schema.org","@graph":[{"@type":"WebPage","@id":"https:\/\/montepegolife.com\/contact-us\/","url":"https:\/\/montepegolife.com\/contact-us\/","name":"Contact - MontePego Life","isPartOf":{"@id":"https:\/\/montepegolife.com\/#website"},"datePublished":"2025-05-30T15:28:35+00:00","dateModified":"2026-03-12T23:13:58+00:00","breadcrumb":{"@id":"https:\/\/montepegolife.com\/contact-us\/#breadcrumb"},"inLanguage":"fr-FR","potentialAction":[{"@type":"ReadAction","target":["https:\/\/montepegolife.com\/contact-us\/"]}]},{"@type":"BreadcrumbList","@id":"https:\/\/montepegolife.com\/contact-us\/#breadcrumb","itemListElement":[{"@type":"ListItem","position":1,"name":"Home","item":"https:\/\/montepegolife.com\/"},{"@type":"ListItem","position":2,"name":"Contact"}]},{"@type":"WebSite","@id":"https:\/\/montepegolife.com\/#website","url":"https:\/\/montepegolife.com\/","name":"MontePego Life","description":"","publisher":{"@id":"https:\/\/montepegolife.com\/#organization"},"potentialAction":[{"@type":"SearchAction","target":{"@type":"EntryPoint","urlTemplate":"https:\/\/montepegolife.com\/?s={search_term_string}"},"query-input":{"@type":"PropertyValueSpecification","valueRequired":true,"valueName":"search_term_string"}}],"inLanguage":"fr-FR"},{"@type":"Organization","@id":"https:\/\/montepegolife.com\/#organization","name":"MontePego Life","url":"https:\/\/montepegolife.com\/","logo":{"@type":"ImageObject","inLanguage":"fr-FR","@id":"https:\/\/montepegolife.com\/#\/schema\/logo\/image\/","url":"https:\/\/montepegolife.com\/wp-content\/uploads\/2025\/03\/logo-montepego-con-copy.png","contentUrl":"https:\/\/montepegolife.com\/wp-content\/uploads\/2025\/03\/logo-montepego-con-copy.png","width":1122,"height":316,"caption":"MontePego Life"},"image":{"@id":"https:\/\/montepegolife.com\/#\/schema\/logo\/image\/"},"sameAs":["https:\/\/www.facebook.com\/montepego.info?mibextid=LQQJ4d&rdid=CCBK85trp35FhlgW"]}]}},"_links":{"self":[{"href":"https:\/\/montepegolife.com\/fr\/wp-json\/wp\/v2\/pages\/25088","targetHints":{"allow":["GET"]}}],"collection":[{"href":"https:\/\/montepegolife.com\/fr\/wp-json\/wp\/v2\/pages"}],"about":[{"href":"https:\/\/montepegolife.com\/fr\/wp-json\/wp\/v2\/types\/page"}],"author":[{"embeddable":true,"href":"https:\/\/montepegolife.com\/fr\/wp-json\/wp\/v2\/users\/1"}],"replies":[{"embeddable":true,"href":"https:\/\/montepegolife.com\/fr\/wp-json\/wp\/v2\/comments?post=25088"}],"version-history":[{"count":9,"href":"https:\/\/montepegolife.com\/fr\/wp-json\/wp\/v2\/pages\/25088\/revisions"}],"predecessor-version":[{"id":30278,"href":"https:\/\/montepegolife.com\/fr\/wp-json\/wp\/v2\/pages\/25088\/revisions\/30278"}],"wp:attachment":[{"href":"https:\/\/montepegolife.com\/fr\/wp-json\/wp\/v2\/media?parent=25088"}],"curies":[{"name":"wp","href":"https:\/\/api.w.org\/{rel}","templated":true}]}}